{"id":1335,"date":"2025-04-24T09:23:52","date_gmt":"2025-04-24T09:23:52","guid":{"rendered":"https:\/\/seseliumeistrai.lt\/?page_id=1335"},"modified":"2025-04-24T11:48:58","modified_gmt":"2025-04-24T11:48:58","slug":"privatumo-politika","status":"publish","type":"page","link":"https:\/\/seseliumeistrai.lt\/en\/privatumo-politika\/","title":{"rendered":"Privacy Policy"},"content":{"rendered":"<div data-elementor-type=\"wp-page\" data-elementor-id=\"1335\" class=\"elementor elementor-1335\" data-elementor-settings=\"{&quot;ha_cmc_init_switcher&quot;:&quot;no&quot;}\">\n\t\t\t\t<div class=\"elementor-element elementor-element-cc41537 e-flex e-con-boxed e-con e-parent\" data-id=\"cc41537\" data-element_type=\"container\" data-settings=\"{&quot;background_background&quot;:&quot;classic&quot;,&quot;_ha_eqh_enable&quot;:false}\">\n\t\t\t\t\t<div class=\"e-con-inner\">\n\t\t\t\t<div class=\"elementor-element elementor-element-22ea13d elementor-icon-list--layout-inline elementor-list-item-link-full_width elementor-widget elementor-widget-icon-list\" data-id=\"22ea13d\" data-element_type=\"widget\" data-widget_type=\"icon-list.default\">\n\t\t\t\t<div class=\"elementor-widget-container\">\n\t\t\t\t\t\t\t<ul class=\"elementor-icon-list-items elementor-inline-items\">\n\t\t\t\t\t\t\t<li class=\"elementor-icon-list-item elementor-inline-item\">\n\t\t\t\t\t\t\t\t\t\t\t<a href=\"https:\/\/seseliumeistrai.lt\/en\/\">\n\n\t\t\t\t\t\t\t\t\t\t\t<span class=\"elementor-icon-list-text\">Home<\/span>\n\t\t\t\t\t\t\t\t\t\t\t<\/a>\n\t\t\t\t\t\t\t\t\t<\/li>\n\t\t\t\t\t\t\t\t<li class=\"elementor-icon-list-item elementor-inline-item\">\n\t\t\t\t\t\t\t\t\t\t\t<span class=\"elementor-icon-list-icon\">\n\t\t\t\t\t\t\t<i aria-hidden=\"true\" class=\"icon icon-right-arrow1\"><\/i>\t\t\t\t\t\t<\/span>\n\t\t\t\t\t\t\t\t\t\t<span class=\"elementor-icon-list-text\">Privacy Policy<\/span>\n\t\t\t\t\t\t\t\t\t<\/li>\n\t\t\t\t\t\t<\/ul>\n\t\t\t\t\t\t<\/div>\n\t\t\t\t<\/div>\n\t\t\t\t<div class=\"elementor-element elementor-element-7a25fa3 elementor-invisible elementor-widget elementor-widget-heading\" data-id=\"7a25fa3\" data-element_type=\"widget\" data-settings=\"{&quot;_animation&quot;:&quot;fadeInUp&quot;}\" data-widget_type=\"heading.default\">\n\t\t\t\t<div class=\"elementor-widget-container\">\n\t\t\t\t\t<h2 class=\"elementor-heading-title elementor-size-default\">Privacy Policy<\/h2>\t\t\t\t<\/div>\n\t\t\t\t<\/div>\n\t\t\t\t\t<\/div>\n\t\t\t\t<\/div>\n\t\t\t\t<section class=\"elementor-section elementor-top-section elementor-element elementor-element-d36712b elementor-section-boxed elementor-section-height-default elementor-section-height-default\" data-id=\"d36712b\" data-element_type=\"section\" data-settings=\"{&quot;_ha_eqh_enable&quot;:false}\">\n\t\t\t\t\t\t<div class=\"elementor-container elementor-column-gap-default\">\n\t\t\t\t\t<div class=\"elementor-column elementor-col-100 elementor-top-column elementor-element elementor-element-ed0fdda\" data-id=\"ed0fdda\" data-element_type=\"column\">\n\t\t\t<div class=\"elementor-widget-wrap elementor-element-populated\">\n\t\t\t\t\t\t<div class=\"elementor-element elementor-element-145508c elementor-invisible elementor-widget elementor-widget-heading\" data-id=\"145508c\" data-element_type=\"widget\" data-settings=\"{&quot;_animation&quot;:&quot;fadeInUp&quot;}\" data-widget_type=\"heading.default\">\n\t\t\t\t<div class=\"elementor-widget-container\">\n\t\t\t\t\t<h2 class=\"elementor-heading-title elementor-size-default\">Last updated: 24-04-2025<\/h2>\t\t\t\t<\/div>\n\t\t\t\t<\/div>\n\t\t\t\t<div class=\"elementor-element elementor-element-ef85caf elementor-invisible elementor-widget elementor-widget-text-editor\" data-id=\"ef85caf\" data-element_type=\"widget\" data-settings=\"{&quot;_animation&quot;:&quot;fadeInUp&quot;}\" data-widget_type=\"text-editor.default\">\n\t\t\t\t<div class=\"elementor-widget-container\">\n\t\t\t\t\t\t\t\t\t<p>\u0160e\u0161\u0117li\u0173 Meistrai (www.seseliumeistrai.lt) respects the right to privacy of visitors to this website and is committed to ensuring the protection of their personal data. \u0160e\u0161\u0117li\u0173 Meistrai is also committed to safeguarding the rights of its customers as data subjects.<\/p><p>When processing the Client's personal data, we comply with the legislation governing the protection of personal data.<\/p><p><strong>Cookies<\/strong><\/p><p>A cookie is a small text file that a website places in the file tray of your browser on your computer or mobile device when you visit a website. The next time you visit the same website, this file can be read so that the website can recognise your computer or mobile device.<\/p><p>The information collected by cookies enables the website host to provide you with a better browsing experience, to learn more about the behaviour of website users, to analyse trends and to improve the website.<\/p><p>We use the following cookies on our website to make your browsing experience more convenient and efficient and to provide you with useful offers:<\/p>\t\t\t\t\t\t\t\t<\/div>\n\t\t\t\t<\/div>\n\t\t\t\t\t<\/div>\n\t\t<\/div>\n\t\t\t\t\t<\/div>\n\t\t<\/section>\n\t\t<div class=\"elementor-element elementor-element-33d59ee e-flex e-con-boxed e-con e-parent\" data-id=\"33d59ee\" data-element_type=\"container\" data-settings=\"{&quot;_ha_eqh_enable&quot;:false}\">\n\t\t\t\t\t<div class=\"e-con-inner\">\n\t\t\t\t<div class=\"elementor-element elementor-element-2540c7a elementor-invisible elementor-widget elementor-widget-text-editor\" data-id=\"2540c7a\" data-element_type=\"widget\" data-settings=\"{&quot;_animation&quot;:&quot;fadeInUp&quot;}\" data-widget_type=\"text-editor.default\">\n\t\t\t\t<div class=\"elementor-widget-container\">\n\t\t\t\t\t\t\t\t\t<figure class=\"wp-block-table\">\n<table>\n<tbody>\n<tr>\n<td>Cookie<\/td>\n<td>Type<\/td>\n<td>Description<\/td>\n<td>Duration<\/td>\n<\/tr>\n<tr>\n<td>_gid<\/td>\n<td>Analytics<\/td>\n<td>Installed by Google Analytics, the _gid cookie stores information about how visitors use the website, as well as generating an analytical report on website performance. Some of the data collected includes the number of visitors, their source and the pages they visit anonymously.<\/td>\n<td>1 day.<\/td>\n<\/tr>\n<tr>\n<td>_gat_gtag_UA_<\/td>\n<td>Analytics<\/td>\n<td>Google has set out to differentiate between users.<\/td>\n<td>1 min.<\/td>\n<\/tr>\n<tr>\n<td>_ga_<\/td>\n<td>Analytics<\/td>\n<td>This cookie is set by Google Analytics.<\/td>\n<td>2 years.<\/td>\n<\/tr>\n<tr>\n<td>_ga<\/td>\n<td>Analytics<\/td>\n<td>The _ga cookie, installed in Google Analytics, calculates visitor, session and campaign data and tracks website usage in a website analytics report. The cookie stores information anonymously and assigns a randomly generated number to identify unique visitors.<\/td>\n<td>2 years.<\/td><\/tr><\/tbody><\/table><\/figure><p><\/p>\t\t\t\t\t\t\t\t<\/div>\n\t\t\t\t<\/div>\n\t\t\t\t\t<\/div>\n\t\t\t\t<\/div>\n\t\t\t\t<section class=\"elementor-section elementor-top-section elementor-element elementor-element-3dd73ba elementor-section-boxed elementor-section-height-default elementor-section-height-default\" data-id=\"3dd73ba\" data-element_type=\"section\" data-settings=\"{&quot;_ha_eqh_enable&quot;:false}\">\n\t\t\t\t\t\t<div class=\"elementor-container elementor-column-gap-default\">\n\t\t\t\t\t<div class=\"elementor-column elementor-col-100 elementor-top-column elementor-element elementor-element-25a7d2a\" data-id=\"25a7d2a\" data-element_type=\"column\">\n\t\t\t<div class=\"elementor-widget-wrap elementor-element-populated\">\n\t\t\t\t\t\t<div class=\"elementor-element elementor-element-bd9909c elementor-widget__width-initial elementor-invisible elementor-widget elementor-widget-text-editor\" data-id=\"bd9909c\" data-element_type=\"widget\" data-settings=\"{&quot;_animation&quot;:&quot;fadeInUp&quot;}\" data-widget_type=\"text-editor.default\">\n\t\t\t\t<div class=\"elementor-widget-container\">\n\t\t\t\t\t\t\t\t\t<p>You can delete or block some or all of the cookies stored on your computers or other devices at any time by changing the settings of the browser you use. More information about deleting or blocking cookies can be found on the website of the browser you use. Please note that these actions may result in the partial or complete inoperability and unavailability of some features of the website. The website may use plug-ins from third parties (partners, statistics collection systems, communication systems, etc.) that also use cookies to ensure their proper functionality. We have no control over and are not responsible for the cookies used by third parties, the content and the privacy protection applied by these websites, which we recommend that you consult individually.<\/p><p><strong>Contact form<\/strong><\/p><p>On the legal basis of your consent, we process the personal data provided in the contact form \u201cFree consultation\u201d: your name, your email address, your telephone number, the service you are interested in, your message. We process this data for 2 years in order to respond to your enquiries and provide you with offers.<\/p><p><strong>Recipients of data<\/strong><\/p><p>We may provide your personal data to data processors who provide services to us and process personal data on our behalf and for our benefit, to law enforcement authorities where there is a legal basis for doing so.\u00a0<\/p><p>Personal data may also be provided in response to official requests from public authorities and the courts, but only after verification of the lawfulness of these requests.<\/p><p><strong>Your rights\u00a0<\/strong><\/p><p>You have the following rights:<\/p><ul><li>the right to request access to and rectification or erasure of personal data or restriction of processing;<\/li><li>the right to object to processing;<\/li><li>the right to data portability;<\/li><li>withdraw consent at any time;<\/li><li>the right to lodge a complaint with the supervisory authority.<\/li><\/ul><p><strong>Third party links<\/strong><\/p><p>The website provides links to third-party websites and social networks (Facebook and Instagram sharing). The third-party websites linked to the Website are subject to the privacy policies of those websites and we do not accept any responsibility for the content of the information provided by those websites, their activities and the provisions of their privacy policies.<\/p><p><strong>Contact Us<\/strong><\/p><p>If you have any questions about any of the information contained in this Privacy Policy, please do not hesitate to contact us:\u00a0<span style=\"color: #000000;\"><a style=\"color: #000000;\" href=\"mailto:info@seseliumeistrai.lt\" data-type=\"mailto\" data-id=\"mailto:info@teisespalydovas.lt\">info@seseliumeistrai.lt<\/a><\/span><\/p>\t\t\t\t\t\t\t\t<\/div>\n\t\t\t\t<\/div>\n\t\t\t\t\t<\/div>\n\t\t<\/div>\n\t\t\t\t\t<\/div>\n\t\t<\/section>\n\t\t\t\t<\/div>","protected":false},"excerpt":{"rendered":"<p>Prad\u017eia Privatumo Politika Privatumo Politika Paskutin\u012f kart\u0105 atnaujinta: 24-04-2025 \u0160e\u0161\u0117li\u0173 Meistrai (www.seseliumeistrai.lt) gerbia \u0161ios interneto svetain\u0117s lankytoj\u0173 teis\u0119 \u012f privatum\u0105 ir \u012fsipareigoja u\u017etikrinti j\u0173 asmens duomen\u0173 apsaug\u0105. \u0160e\u0161\u0117li\u0173 Meistrai taip pat r\u016bpinasi klient\u0173, kaip duomen\u0173 subjekt\u0173, teisi\u0173 u\u017etikrinimu. Tvarkydami Kliento asmens duomenis, mes laikom\u0117s teis\u0117s akt\u0173 reglamentuojan\u010di\u0173 asmens duomen\u0173 apsaug\u0105. Slapukai Slapukas (angl. cookie) \u2013 [&hellip;]<\/p>","protected":false},"author":2,"featured_media":0,"parent":0,"menu_order":0,"comment_status":"closed","ping_status":"closed","template":"elementor_header_footer","meta":{"footnotes":""},"class_list":["post-1335","page","type-page","status-publish","hentry"],"_links":{"self":[{"href":"https:\/\/seseliumeistrai.lt\/en\/wp-json\/wp\/v2\/pages\/1335","targetHints":{"allow":["GET"]}}],"collection":[{"href":"https:\/\/seseliumeistrai.lt\/en\/wp-json\/wp\/v2\/pages"}],"about":[{"href":"https:\/\/seseliumeistrai.lt\/en\/wp-json\/wp\/v2\/types\/page"}],"author":[{"embeddable":true,"href":"https:\/\/seseliumeistrai.lt\/en\/wp-json\/wp\/v2\/users\/2"}],"replies":[{"embeddable":true,"href":"https:\/\/seseliumeistrai.lt\/en\/wp-json\/wp\/v2\/comments?post=1335"}],"version-history":[{"count":25,"href":"https:\/\/seseliumeistrai.lt\/en\/wp-json\/wp\/v2\/pages\/1335\/revisions"}],"predecessor-version":[{"id":1431,"href":"https:\/\/seseliumeistrai.lt\/en\/wp-json\/wp\/v2\/pages\/1335\/revisions\/1431"}],"wp:attachment":[{"href":"https:\/\/seseliumeistrai.lt\/en\/wp-json\/wp\/v2\/media?parent=1335"}],"curies":[{"name":"wp","href":"https:\/\/api.w.org\/{rel}","templated":true}]}}